{"id":9,"date":"2021-11-30T09:35:20","date_gmt":"2021-11-30T12:35:20","guid":{"rendered":"https:\/\/demo.creativethemes.com\/blocksy\/petsy\/?page_id=9"},"modified":"2023-10-29T16:54:20","modified_gmt":"2023-10-29T19:54:20","slug":"biografia","status":"publish","type":"page","link":"https:\/\/textos.bichoreactor.com.ar\/index.php\/biografia\/","title":{"rendered":"Biograf\u00eda"},"content":{"rendered":"\n<div class=\"wp-block-stackable-columns alignfull stk-block-columns stk-block stk-b5ccdb4 stk-block-background stk--has-background-overlay\" data-block-id=\"b5ccdb4\"><style>.stk-b5ccdb4{background-color:#000000 !important;background-image:url(https:\/\/textos.bichoreactor.com.ar\/wp-content\/uploads\/2023\/10\/41454194-seamless-pattern-with-hand-drawn-books.jpg) !important;padding-top:230px !important;padding-bottom:0px !important;margin-bottom:0px !important}.stk-b5ccdb4:before{background-color:#000000 !important;opacity:0.8 !important}@media screen and (max-width:999px){.stk-b5ccdb4{padding-top:180px !important}}<\/style><div class=\"stk-row stk-inner-blocks stk-block-content stk-content-align stk-b5ccdb4-column\">\n<div class=\"wp-block-stackable-column stk-block-column stk-column stk-block stk-871f4f1\" data-v=\"4\" data-block-id=\"871f4f1\"><style>.stk-871f4f1-container{margin-top:0px !important;margin-right:0px !important;margin-bottom:0px !important;margin-left:0px !important}.stk-871f4f1{align-items:center !important;margin-top:-100px !important;display:flex !important}<\/style><div class=\"stk-column-wrapper stk-block-column__content stk-container stk-871f4f1-container stk--no-background stk--no-padding\"><div class=\"stk-block-content stk-inner-blocks stk-871f4f1-inner-blocks\">\n<div class=\"wp-block-stackable-text stk-block-text stk-block stk-8677478\" data-block-id=\"8677478\"><style>.stk-8677478{margin-bottom:4px !important;opacity:0.4 !important}.stk-8677478 .stk-block-text__text{color:var(--theme-palette-color-8,#ffffff) !important;font-weight:700 !important;text-transform:uppercase !important}<\/style><p class=\"stk-block-text__text has-text-color has-palette-color-8-color has-text-align-center\">BICHO REACTOR<\/p><\/div>\n\n\n\n<div class=\"wp-block-stackable-heading stk-block-heading stk-block-heading--v2 stk-block stk-15a1637\" id=\"biografia\" data-block-id=\"15a1637\"><style>.stk-15a1637{margin-bottom:31px !important}.stk-15a1637 .stk-block-heading__text{font-size:70px !important;color:var(--theme-palette-color-8,#ffffff) !important}@media screen and (max-width:999px){.stk-15a1637{margin-bottom:80px !important}.stk-15a1637 .stk-block-heading__text{font-size:35px !important}}@media screen and (max-width:689px){.stk-15a1637{margin-bottom:60px !important}}<\/style><h2 class=\"stk-block-heading__text has-text-color has-palette-color-8-color has-text-align-center\">Biograf\u00eda<\/h2><\/div>\n\n\n\n<div class=\"wp-block-stackable-image stk-block-image stk-block stk-ed6d8a2\" data-block-id=\"ed6d8a2\"><style>.stk-ed6d8a2 .stk-img-wrapper{width:289px !important;filter:drop-shadow(19px 13px 2px rgba(0,0,0,0.5)) !important;--stk-gradient-overlay:0 !important}.stk-ed6d8a2 .stk-img-wrapper img{transform:scale(1) !important;border-radius:0px !important;object-position:40% 18% !important}<\/style><figure class=\"stk-img-wrapper stk-image--shape-stretch stk--shadow-19px 13px 2px rgba(0, 0, 0, 0.5)\"><img loading=\"lazy\" decoding=\"async\" class=\"stk-img wp-image-679\" src=\"https:\/\/textos.bichoreactor.com.ar\/wp-content\/uploads\/2023\/10\/br-103-removebg-e1698523962457.png\" width=\"356\" height=\"561\" alt=\"Bicho Reactor\" srcset=\"https:\/\/textos.bichoreactor.com.ar\/wp-content\/uploads\/2023\/10\/br-103-removebg-e1698523962457.png 356w, https:\/\/textos.bichoreactor.com.ar\/wp-content\/uploads\/2023\/10\/br-103-removebg-e1698523962457-190x300.png 190w\" sizes=\"(max-width: 356px) 100vw, 356px\" \/><\/figure><\/div>\n<\/div><\/div><\/div>\n<\/div><\/div>\n\n\n\n<div class=\"wp-block-stackable-spacer stk-block-spacer stk--no-padding stk-block stk-5464b11\" data-block-id=\"5464b11\"><style>.stk-5464b11{height:20px !important}@media screen and (max-width:999px){.stk-5464b11{height:10px !important}}<\/style><\/div>\n\n\n\n<div class=\"wp-block-stackable-heading stk-block-heading stk-block-heading--v2 stk-block stk-4fda42b\" id=\"bicho-reactor-un-maravilloso-legado-de-inigualables-palabras\" data-block-id=\"4fda42b\"><style>.stk-4fda42b{margin-bottom:10px !important}<\/style><h2 class=\"stk-block-heading__text\">Bicho Reactor: Un maravilloso legado de inigualables palabras<\/h2><\/div>\n\n\n\n<div class=\"wp-block-stackable-columns stk-block-columns stk-block stk-0e9413a\" data-block-id=\"0e9413a\"><style>.stk-0e9413a{margin-bottom:0px !important}.stk-0e9413a-column{--stk-column-gap:60px !important;row-gap:50px !important}<\/style><div class=\"stk-row stk-inner-blocks stk-block-content stk-content-align stk-0e9413a-column\">\n<div class=\"wp-block-stackable-column stk-block-column stk-column stk-block stk-42e004d\" data-v=\"4\" data-block-id=\"42e004d\"><style>.stk-42e004d-container{margin-top:0px !important;margin-right:0px !important;margin-bottom:0px !important;margin-left:0px !important}<\/style><div class=\"stk-column-wrapper stk-block-column__content stk-container stk-42e004d-container stk--no-background stk--no-padding\"><div class=\"stk-block-content stk-inner-blocks stk-42e004d-inner-blocks\">\n<div class=\"wp-block-stackable-text stk-block-text stk-block stk-a025132\" data-block-id=\"a025132\"><style>@media screen and (max-width:689px){.stk-a025132{margin-bottom:-20px !important}}<\/style><p class=\"stk-block-text__text has-text-align-center-mobile\"><em>Nombre: Bicho Reactor<br>Fecha de nacimiento: 27 de julio de 1977<br>Lugar de nacimiento: Aldebar\u00e1n, Lunaria<\/em><br><br><strong>BR<\/strong> es una figura enigm\u00e1tica en el mundo literario, cuyo legado se est\u00e1 convirtiendo en una fuente de inspiraci\u00f3n para sus numerosos lectores de todas las galaxias. Nacido en el m\u00edstico (y m\u00edtico) pueblo de <strong>Aldebar\u00e1n<\/strong>, ubicado en la lejana <strong>Lunara<\/strong>, su conexi\u00f3n con las estrellas y el universo infinito e inexplorado siempre estuvieron destinados a marcar su camino en las letras.<br>Desde una temprana edad, demostr\u00f3 una prodigiosa habilidad para tejer con palabras historias cautivadoras.<\/p><\/div>\n<\/div><\/div><\/div>\n\n\n\n<div class=\"wp-block-stackable-column stk-block-column stk-column stk-block stk-7c0cf21\" data-v=\"4\" data-block-id=\"7c0cf21\"><style>.stk-7c0cf21-container{margin-top:0px !important;margin-right:0px !important;margin-bottom:0px !important;margin-left:0px !important}<\/style><div class=\"stk-column-wrapper stk-block-column__content stk-container stk-7c0cf21-container stk--no-background stk--no-padding\"><div class=\"stk-block-content stk-inner-blocks stk-7c0cf21-inner-blocks\">\n<div class=\"wp-block-stackable-text stk-block-text stk-block stk-95109cd\" data-block-id=\"95109cd\"><style>@media screen and (max-width:689px){.stk-95109cd{margin-bottom:-20px !important}}<\/style><p class=\"stk-block-text__text has-text-align-center-mobile\">Curs\u00f3 sus estudios en la prestigiosa y centenaria <strong>Academia Lunar de Letras<\/strong>, donde tanto sus mentores como sus pares reconocieron en variadas y numerosas oportunidades su talento y lo alentaron a explorar los l\u00edmites de la imaginaci\u00f3n.<br>A lo largo de su extens\u00edsima carrera, <strong>Bicho Reactor<\/strong> acumul\u00f3 una impresionante colecci\u00f3n de premios y distinciones, incluyendo el prestigioso <strong>\u00abAstro de Plata\u00bb<\/strong> otorgado por la <strong>Academia Gal\u00e1ctica de Literatura<\/strong>. Sus obras, imbu\u00eddas de una profunda espiritualidad y una incomparable conexi\u00f3n con el cosmos gal\u00e1ctico, le valieron reconocimientos en instituciones tan renombradas como la <strong>Universidad Estelar Nebulosa<\/strong> y la <strong>Academia de Obras Celestiales<\/strong>, entre otras.<\/p><\/div>\n<\/div><\/div><\/div>\n\n\n\n<div class=\"wp-block-stackable-column stk-block-column stk-column stk-block stk-f03d52d\" data-v=\"4\" data-block-id=\"f03d52d\"><style>.stk-f03d52d-container{margin-top:0px !important;margin-right:0px !important;margin-bottom:0px !important;margin-left:0px !important}<\/style><div class=\"stk-column-wrapper stk-block-column__content stk-container stk-f03d52d-container stk--no-background stk--no-padding\"><div class=\"stk-block-content stk-inner-blocks stk-f03d52d-inner-blocks\">\n<div class=\"wp-block-stackable-text stk-block-text stk-block stk-8e9d976\" data-block-id=\"8e9d976\"><p class=\"stk-block-text__text has-text-align-center-mobile\">Actualmente la cr\u00edtica literaria no deja de elogiar su prosa, de la cual se ha dicho que es <em>\u00abuna danza celestial de palabras\u00bb<\/em> y que sus tramas <em>\u00abparecen tejidas con los hilos de las constelaciones m\u00e1s maravillosas\u00bb<\/em>, sea lo que sea que eso signifique\u2026 La renombrada periodista <em>Stella Nova<\/em> incluso lo describi\u00f3 como <em>\u00abun visionario literario, capaz de transportar a los lectores a mundos inexplorados\u00bb<\/em>.<br><strong>BR<\/strong> est\u00e1 dejando, sin el menor lugar a dudas, una marca indeleble en la literatura c\u00f3smica, y su influencia seguir\u00e1 resonando en las obras de futuros escritores. Aunque sus textos evocan emociones sumamente variadas, su legado perdurar\u00e1 en el coraz\u00f3n de aquellos que buscan la belleza en el maravilloso muestrario de lo desconocido.<\/p><\/div>\n<\/div><\/div><\/div>\n<\/div><\/div>\n\n\n\n<div class=\"wp-block-stackable-spacer stk-block-spacer stk--no-padding stk-block stk-5cf90a3\" data-block-id=\"5cf90a3\"><\/div>\n","protected":false},"excerpt":{"rendered":"<p>BICHO REACTOR Biograf\u00eda Bicho Reactor: Un maravilloso legado de inigualables palabras Nombre: Bicho ReactorFecha de nacimiento: 27 de julio de 1977Lugar de nacimiento: Aldebar\u00e1n, Lunaria BR es una figura enigm\u00e1tica en el mundo literario, cuyo legado se est\u00e1 convirtiendo en una fuente de inspiraci\u00f3n para sus numerosos lectores de todas las galaxias. Nacido en el [&hellip;]<\/p>\n","protected":false},"author":1,"featured_media":0,"parent":0,"menu_order":0,"comment_status":"closed","ping_status":"closed","template":"","meta":{"footnotes":""},"blocksy_meta":{"styles_descriptor":{"styles":{"desktop":"","tablet":"","mobile":""},"google_fonts":[],"version":6},"page_title_panel":"","has_hero_section":"disabled","56dc8bb8328744ce058b8d9cd82b2d38":"","hero_section":"type-1","hero_elements":[{"id":"custom_title","enabled":true,"heading_tag":"h1","title":"Home"},{"id":"custom_description","enabled":true,"description_visibility":{"desktop":true,"tablet":true,"mobile":false}},{"id":"custom_meta","enabled":false,"meta_elements":[{"id":"author","enabled":true,"label":"By","has_author_avatar":"yes","avatar_size":25},{"id":"post_date","enabled":true,"label":"On","date_format_source":"default","date_format":"M j, Y"},{"id":"updated_date","enabled":false,"label":"On","date_format_source":"default","date_format":"M j, Y"},{"id":"categories","enabled":false,"label":"In","style":"simple"},{"id":"comments","enabled":true}],"page_meta_elements":{"joined":true,"articles_count":true,"comments":true}},{"id":"breadcrumbs","enabled":false}],"df2ebe791f90eea1db152da20fbeac92":"","hero_alignment1":"CT_CSS_SKIP_RULE","hero_margin":40,"hero_alignment2":"center","hero_vertical_alignment":"center","7306495ef28b7caa97798dffa77f609b":"","hero_structure":"narrow","3270ae7e31121afd49dc0a0aa5e67f73":"","page_title_bg_type":"featured_image","custom_hero_background":{"attachment_id":null},"parallax":{"desktop":false,"tablet":false,"mobile":false},"b44a1e6cd9de7c8def311d113a9c577e":"","hero_height":"250px","pageTitleFont":{"family":"Default","variation":"Default","size":"30px","line-height":"CT_CSS_SKIP_RULE","letter-spacing":"CT_CSS_SKIP_RULE","text-transform":"CT_CSS_SKIP_RULE","text-decoration":"CT_CSS_SKIP_RULE"},"pageTitleFontColor":{"default":{"color":"CT_CSS_SKIP_RULEDEFAULT"}},"pageMetaFont":{"family":"Default","variation":"n6","size":"12px","line-height":"1.3","letter-spacing":"CT_CSS_SKIP_RULE","text-transform":"uppercase","text-decoration":"CT_CSS_SKIP_RULE"},"pageMetaFontColor":{"default":{"color":"CT_CSS_SKIP_RULEDEFAULT"},"hover":{"color":"CT_CSS_SKIP_RULEDEFAULT"}},"page_meta_button_type_font_colors":{"default":{"color":"CT_CSS_SKIP_RULEDEFAULT"},"hover":{"color":"CT_CSS_SKIP_RULEDEFAULT"}},"page_meta_button_type_background_colors":{"default":{"color":"CT_CSS_SKIP_RULEDEFAULT"},"hover":{"color":"CT_CSS_SKIP_RULEDEFAULT"}},"pageExcerptFont":{"family":"Default","variation":"Default","size":"CT_CSS_SKIP_RULE","line-height":"CT_CSS_SKIP_RULE","letter-spacing":"CT_CSS_SKIP_RULE","text-transform":"CT_CSS_SKIP_RULE","text-decoration":"CT_CSS_SKIP_RULE"},"pageExcerptColor":{"default":{"color":"CT_CSS_SKIP_RULEDEFAULT"}},"breadcrumbsFont":{"family":"Default","variation":"Default","size":"CT_CSS_SKIP_RULE","line-height":"CT_CSS_SKIP_RULE","letter-spacing":"CT_CSS_SKIP_RULE","text-transform":"CT_CSS_SKIP_RULE","text-decoration":"CT_CSS_SKIP_RULE"},"breadcrumbsFontColor":{"default":{"color":"CT_CSS_SKIP_RULEDEFAULT"},"initial":{"color":"CT_CSS_SKIP_RULEDEFAULT"},"hover":{"color":"CT_CSS_SKIP_RULEDEFAULT"}},"pageTitleOverlay":{"background_type":"color","background_pattern":"type-1","background_image":{"attachment_id":null,"x":0,"y":0},"gradient":"linear-gradient(135deg,rgba(6,147,227,1) 0%,rgb(155,81,224) 100%)","background_repeat":"repeat","background_size":"auto","background_attachment":"scroll","patternColor":{"default":{"color":"#e5e7ea"}},"overlayColor":{"default":{"color":"CT_CSS_SKIP_RULE"}},"backgroundColor":{"default":{"color":"CT_CSS_SKIP_RULE"}}},"pageTitleBackground":{"background_type":"color","background_pattern":"type-1","background_image":{"attachment_id":null,"x":0,"y":0},"gradient":"linear-gradient(135deg,rgba(6,147,227,1) 0%,rgb(155,81,224) 100%)","background_repeat":"repeat","background_size":"auto","background_attachment":"scroll","patternColor":{"default":{"color":"#e5e7ea"}},"overlayColor":{"default":{"color":"CT_CSS_SKIP_RULE"}},"backgroundColor":{"default":{"color":"var(--theme-palette-color-6)"}}},"pageTitlePadding":{"top":"50px","bottom":"50px","left":"auto","right":"auto","linked":true},"349d28852cc80bf2afbda0c5bf393627":"","page_structure_type":"default","8e98da53888c0fde48b562c569fb7662":"","content_style_source":"inherit","content_style":"wide","vertical_spacing_source":"custom","content_area_spacing":"none","background":{"background_type":"color","background_pattern":"type-1","background_image":{"attachment_id":null,"x":0,"y":0},"gradient":"linear-gradient(135deg,rgba(6,147,227,1) 0%,rgb(155,81,224) 100%)","background_repeat":"repeat","background_size":"auto","background_attachment":"scroll","patternColor":{"default":{"color":"#e5e7ea"}},"overlayColor":{"default":{"color":"CT_CSS_SKIP_RULE"}},"backgroundColor":{"default":{"color":"CT_CSS_SKIP_RULE"}}},"content_background":{"background_type":"color","background_pattern":"type-1","background_image":{"attachment_id":null,"x":0,"y":0},"gradient":"linear-gradient(135deg,rgba(6,147,227,1) 0%,rgb(155,81,224) 100%)","background_repeat":"repeat","background_size":"auto","background_attachment":"scroll","patternColor":{"default":{"color":"#e5e7ea"}},"overlayColor":{"default":{"color":"CT_CSS_SKIP_RULE"}},"backgroundColor":{"default":{"color":"var(--theme-palette-color-8)"}}},"content_boxed_shadow":{"inherit":false,"blur":18,"spread":-6,"v_offset":12,"h_offset":0,"inset":false,"enable":true,"color":{"color":"rgba(34, 56, 101, 0.04)"}},"boxed_content_spacing":{"desktop":{"top":"40px","bottom":"40px","left":"40px","right":"40px","linked":true},"tablet":{"top":"35px","bottom":"35px","left":"35px","right":"35px","linked":true},"mobile":{"top":"20px","bottom":"20px","left":"20px","right":"20px","linked":true}},"content_boxed_radius":{"top":"3px","bottom":"3px","left":"3px","right":"3px","linked":true},"f8ecb128d0a0b88b8863f080a2e72733":"","disable_featured_image":"no","disable_header":"no","disable_footer":"no"},"_links":{"self":[{"href":"https:\/\/textos.bichoreactor.com.ar\/index.php\/wp-json\/wp\/v2\/pages\/9"}],"collection":[{"href":"https:\/\/textos.bichoreactor.com.ar\/index.php\/wp-json\/wp\/v2\/pages"}],"about":[{"href":"https:\/\/textos.bichoreactor.com.ar\/index.php\/wp-json\/wp\/v2\/types\/page"}],"author":[{"embeddable":true,"href":"https:\/\/textos.bichoreactor.com.ar\/index.php\/wp-json\/wp\/v2\/users\/1"}],"replies":[{"embeddable":true,"href":"https:\/\/textos.bichoreactor.com.ar\/index.php\/wp-json\/wp\/v2\/comments?post=9"}],"version-history":[{"count":32,"href":"https:\/\/textos.bichoreactor.com.ar\/index.php\/wp-json\/wp\/v2\/pages\/9\/revisions"}],"predecessor-version":[{"id":726,"href":"https:\/\/textos.bichoreactor.com.ar\/index.php\/wp-json\/wp\/v2\/pages\/9\/revisions\/726"}],"wp:attachment":[{"href":"https:\/\/textos.bichoreactor.com.ar\/index.php\/wp-json\/wp\/v2\/media?parent=9"}],"curies":[{"name":"wp","href":"https:\/\/api.w.org\/{rel}","templated":true}]}}